{"id":1937,"date":"2021-02-24T18:16:44","date_gmt":"2021-02-24T18:16:44","guid":{"rendered":"https:\/\/www.assitheque.com\/imprint\/"},"modified":"2021-03-31T09:12:11","modified_gmt":"2021-03-31T09:12:11","slug":"impronta","status":"publish","type":"page","link":"https:\/\/www.assitheque.com\/it\/impronta\/","title":{"rendered":"Impronta"},"content":{"rendered":"\t\t<div data-elementor-type=\"wp-page\" data-elementor-id=\"1937\" class=\"elementor elementor-1937\" data-elementor-post-type=\"page\">\n\t\t\t\t\t\t<section class=\"elementor-section elementor-top-section elementor-element elementor-element-10b60a1 elementor-section-boxed elementor-section-height-default elementor-section-height-default\" data-id=\"10b60a1\" data-element_type=\"section\" data-settings=\"{&quot;jet_parallax_layout_list&quot;:[{&quot;jet_parallax_layout_image&quot;:{&quot;url&quot;:&quot;&quot;,&quot;id&quot;:&quot;&quot;,&quot;size&quot;:&quot;&quot;},&quot;_id&quot;:&quot;3400dc4&quot;,&quot;jet_parallax_layout_image_tablet&quot;:{&quot;url&quot;:&quot;&quot;,&quot;id&quot;:&quot;&quot;,&quot;size&quot;:&quot;&quot;},&quot;jet_parallax_layout_image_mobile&quot;:{&quot;url&quot;:&quot;&quot;,&quot;id&quot;:&quot;&quot;,&quot;size&quot;:&quot;&quot;},&quot;jet_parallax_layout_speed&quot;:{&quot;unit&quot;:&quot;%&quot;,&quot;size&quot;:50,&quot;sizes&quot;:[]},&quot;jet_parallax_layout_type&quot;:&quot;scroll&quot;,&quot;jet_parallax_layout_direction&quot;:null,&quot;jet_parallax_layout_fx_direction&quot;:null,&quot;jet_parallax_layout_z_index&quot;:&quot;&quot;,&quot;jet_parallax_layout_bg_x&quot;:50,&quot;jet_parallax_layout_bg_x_tablet&quot;:&quot;&quot;,&quot;jet_parallax_layout_bg_x_mobile&quot;:&quot;&quot;,&quot;jet_parallax_layout_bg_y&quot;:50,&quot;jet_parallax_layout_bg_y_tablet&quot;:&quot;&quot;,&quot;jet_parallax_layout_bg_y_mobile&quot;:&quot;&quot;,&quot;jet_parallax_layout_bg_size&quot;:&quot;auto&quot;,&quot;jet_parallax_layout_bg_size_tablet&quot;:&quot;&quot;,&quot;jet_parallax_layout_bg_size_mobile&quot;:&quot;&quot;,&quot;jet_parallax_layout_animation_prop&quot;:&quot;transform&quot;,&quot;jet_parallax_layout_on&quot;:[&quot;desktop&quot;,&quot;tablet&quot;]}]}\">\n\t\t\t\t\t\t<div class=\"elementor-container elementor-column-gap-default\">\n\t\t\t\t\t<div class=\"elementor-column elementor-col-100 elementor-top-column elementor-element elementor-element-00e6d04\" data-id=\"00e6d04\" data-element_type=\"column\">\n\t\t\t<div class=\"elementor-widget-wrap elementor-element-populated\">\n\t\t\t\t\t\t<div class=\"elementor-element elementor-element-7455ea8 elementor-widget elementor-widget-text-editor\" data-id=\"7455ea8\" data-element_type=\"widget\" data-widget_type=\"text-editor.default\">\n\t\t\t\t<div class=\"elementor-widget-container\">\n\t\t\t\t\t\t\t\t\t<p class=\"p1\"><b> Indirizzo registrato e dettagli di contatto<\/b><\/p>\n<p class=\"p2\">Assith\u00e8que GmbH<br>\nWeinbergstrasse 73<br>\n8006 Zurich<br>\nSwitzerland<\/p>\n<p class=\"p3\"><span class=\"s1\">Email\u00a0<a href=\"mailto:info@assitheque.com\"><span class=\"s2\">info@assitheque.com<\/span><\/a><br>\nWebsite\u00a0<a href=\"http:\/\/www.assitheque.com\/\"><span class=\"s2\">www.assitheque.com<\/span><\/a><\/span><\/p>\n<p class=\"p2\">Managing Director: Michel Ruggaber<\/p>\n<p class=\"p2\">Company registration number: CH-170.4.008.988-0<br>\nVAT number: CHE-114.921.214<\/p>\n<p class=\"p2\"><strong>Politica sulla riservatezza<\/strong><\/p>\n<p class=\"p2\">Questo sito web utilizza Google Analytics, un servizio di analisi web fornito da Google, Inc. (\u201dGoogle\u201d). Google Analytics utilizza dei \u201ccookies\u201d, che sono file di testo che vengono depositati sul Vostro computer per consentire al sito web di analizzare come gli utenti utilizzano il sito. Le informazioni generate dal cookie sull\u2019utilizzo del sito web da parte Vostra (compreso il Vostro indirizzo IP) verranno trasmesse a, e depositate presso i server di Google negli Stati Uniti. Google utilizzer\u00e0 queste informazioni allo scopo di tracciare ed esaminare il Vostro utilizzo del sito web, compilare report sulle attivit\u00e0 del sito web per gli operatori del sito web e fornire altri servizi relativi alle attivit\u00e0 del sito web e all\u2019utilizzo di Internet. Google pu\u00f2 anche trasferire queste informazioni a terzi ove ci\u00f2 sia imposto dalla legge o laddove tali terzi trattino le suddette informazioni per conto di Google. Google non assocer\u00e0 il vostro indirizzo IP a nessun altro dato posseduto da Google. Potete rifiutarvi di usare i cookies selezionando l\u2019impostazione appropriata sul vostro browser, ma ci\u00f2 potrebbe impedirvi di utilizzare tutte le funzionalit\u00e0 di questo sito web. Utilizzando il presente sito web, voi acconsentite al trattamento dei Vostri dati da parte di Google per le modalit\u00e0 e i fini sopraindicati<\/p>\t\t\t\t\t\t\t\t<\/div>\n\t\t\t\t<\/div>\n\t\t\t\t\t<\/div>\n\t\t<\/div>\n\t\t\t\t\t<\/div>\n\t\t<\/section>\n\t\t\t\t<\/div>\n\t\t","protected":false},"excerpt":{"rendered":"<p>Indirizzo registrato e dettagli di contatto Assith\u00e8que GmbH Weinbergstrasse 73 8006 Zurich Switzerland Email&nbsp;info@assitheque.com Website&nbsp;www.assitheque.com Managing Director: Michel Ruggaber Company registration number: CH-170.4.008.988-0 VAT number: CHE-114.921.214 Politica sulla riservatezza Questo sito web utilizza Google Analytics, un servizio di analisi web fornito da Google, Inc. (\u201dGoogle\u201d). Google Analytics utilizza dei \u201ccookies\u201d, che sono file di testo [&hellip;]<\/p>\n","protected":false},"author":1,"featured_media":0,"parent":0,"menu_order":0,"comment_status":"closed","ping_status":"closed","template":"","meta":{"_acf_changed":false,"footnotes":""},"class_list":["post-1937","page","type-page","status-publish","hentry"],"acf":[],"yoast_head":"<!-- This site is optimized with the Yoast SEO plugin v24.1 - https:\/\/yoast.com\/wordpress\/plugins\/seo\/ -->\n<title>Impronta - Assitheque<\/title>\n<meta name=\"robots\" content=\"index, follow, max-snippet:-1, max-image-preview:large, max-video-preview:-1\" \/>\n<link rel=\"canonical\" href=\"https:\/\/www.assitheque.com\/imprint\/\" \/>\n<meta property=\"og:locale\" content=\"it_IT\" \/>\n<meta property=\"og:type\" content=\"article\" \/>\n<meta property=\"og:title\" content=\"Impronta - Assitheque\" \/>\n<meta property=\"og:description\" content=\"Indirizzo registrato e dettagli di contatto Assith\u00e8que GmbH Weinbergstrasse 73 8006 Zurich Switzerland Email&nbsp;info@assitheque.com Website&nbsp;www.assitheque.com Managing Director: Michel Ruggaber Company registration number: CH-170.4.008.988-0 VAT number: CHE-114.921.214 Politica sulla riservatezza Questo sito web utilizza Google Analytics, un servizio di analisi web fornito da Google, Inc. (\u201dGoogle\u201d). Google Analytics utilizza dei \u201ccookies\u201d, che sono file di testo [&hellip;]\" \/>\n<meta property=\"og:url\" content=\"https:\/\/www.assitheque.com\/imprint\/\" \/>\n<meta property=\"og:site_name\" content=\"Assitheque\" \/>\n<meta property=\"article:publisher\" content=\"https:\/\/www.facebook.com\/Assitheque\/\" \/>\n<meta property=\"article:modified_time\" content=\"2021-03-31T09:12:11+00:00\" \/>\n<meta name=\"twitter:card\" content=\"summary_large_image\" \/>\n<meta name=\"twitter:site\" content=\"@assitheque\" \/>\n<meta name=\"twitter:label1\" content=\"Tempo di lettura stimato\" \/>\n\t<meta name=\"twitter:data1\" content=\"2 minuti\" \/>\n<script type=\"application\/ld+json\" class=\"yoast-schema-graph\">{\"@context\":\"https:\/\/schema.org\",\"@graph\":[{\"@type\":\"WebPage\",\"@id\":\"https:\/\/www.assitheque.com\/imprint\/\",\"url\":\"https:\/\/www.assitheque.com\/imprint\/\",\"name\":\"Impronta - Assitheque\",\"isPartOf\":{\"@id\":\"https:\/\/www.assitheque.com\/#website\"},\"datePublished\":\"2021-02-24T18:16:44+00:00\",\"dateModified\":\"2021-03-31T09:12:11+00:00\",\"breadcrumb\":{\"@id\":\"https:\/\/www.assitheque.com\/imprint\/#breadcrumb\"},\"inLanguage\":\"it-IT\",\"potentialAction\":[{\"@type\":\"ReadAction\",\"target\":[\"https:\/\/www.assitheque.com\/imprint\/\"]}]},{\"@type\":\"BreadcrumbList\",\"@id\":\"https:\/\/www.assitheque.com\/imprint\/#breadcrumb\",\"itemListElement\":[{\"@type\":\"ListItem\",\"position\":1,\"name\":\"Home\",\"item\":\"https:\/\/www.assitheque.com\/\"},{\"@type\":\"ListItem\",\"position\":2,\"name\":\"Impronta\"}]},{\"@type\":\"WebSite\",\"@id\":\"https:\/\/www.assitheque.com\/#website\",\"url\":\"https:\/\/www.assitheque.com\/\",\"name\":\"Assith\u00e8que - The Insurance Boutique\",\"description\":\"The Insurance Boutique\",\"publisher\":{\"@id\":\"https:\/\/www.assitheque.com\/#organization\"},\"potentialAction\":[{\"@type\":\"SearchAction\",\"target\":{\"@type\":\"EntryPoint\",\"urlTemplate\":\"https:\/\/www.assitheque.com\/?s={search_term_string}\"},\"query-input\":{\"@type\":\"PropertyValueSpecification\",\"valueRequired\":true,\"valueName\":\"search_term_string\"}}],\"inLanguage\":\"it-IT\"},{\"@type\":\"Organization\",\"@id\":\"https:\/\/www.assitheque.com\/#organization\",\"name\":\"Assith\u00e8que - The Insurance Boutique\",\"url\":\"https:\/\/www.assitheque.com\/\",\"logo\":{\"@type\":\"ImageObject\",\"inLanguage\":\"it-IT\",\"@id\":\"https:\/\/www.assitheque.com\/#\/schema\/logo\/image\/\",\"url\":\"https:\/\/www.assitheque.com\/wp-content\/uploads\/2021\/02\/logo.png\",\"contentUrl\":\"https:\/\/www.assitheque.com\/wp-content\/uploads\/2021\/02\/logo.png\",\"width\":742,\"height\":155,\"caption\":\"Assith\u00e8que - The Insurance Boutique\"},\"image\":{\"@id\":\"https:\/\/www.assitheque.com\/#\/schema\/logo\/image\/\"},\"sameAs\":[\"https:\/\/www.facebook.com\/Assitheque\/\",\"https:\/\/x.com\/assitheque\",\"https:\/\/www.linkedin.com\/company\/assith-que-gmbh\"]}]}<\/script>\n<!-- \/ Yoast SEO plugin. -->","yoast_head_json":{"title":"Impronta - Assitheque","robots":{"index":"index","follow":"follow","max-snippet":"max-snippet:-1","max-image-preview":"max-image-preview:large","max-video-preview":"max-video-preview:-1"},"canonical":"https:\/\/www.assitheque.com\/imprint\/","og_locale":"it_IT","og_type":"article","og_title":"Impronta - Assitheque","og_description":"Indirizzo registrato e dettagli di contatto Assith\u00e8que GmbH Weinbergstrasse 73 8006 Zurich Switzerland Email&nbsp;info@assitheque.com Website&nbsp;www.assitheque.com Managing Director: Michel Ruggaber Company registration number: CH-170.4.008.988-0 VAT number: CHE-114.921.214 Politica sulla riservatezza Questo sito web utilizza Google Analytics, un servizio di analisi web fornito da Google, Inc. (\u201dGoogle\u201d). Google Analytics utilizza dei \u201ccookies\u201d, che sono file di testo [&hellip;]","og_url":"https:\/\/www.assitheque.com\/imprint\/","og_site_name":"Assitheque","article_publisher":"https:\/\/www.facebook.com\/Assitheque\/","article_modified_time":"2021-03-31T09:12:11+00:00","twitter_card":"summary_large_image","twitter_site":"@assitheque","twitter_misc":{"Tempo di lettura stimato":"2 minuti"},"schema":{"@context":"https:\/\/schema.org","@graph":[{"@type":"WebPage","@id":"https:\/\/www.assitheque.com\/imprint\/","url":"https:\/\/www.assitheque.com\/imprint\/","name":"Impronta - Assitheque","isPartOf":{"@id":"https:\/\/www.assitheque.com\/#website"},"datePublished":"2021-02-24T18:16:44+00:00","dateModified":"2021-03-31T09:12:11+00:00","breadcrumb":{"@id":"https:\/\/www.assitheque.com\/imprint\/#breadcrumb"},"inLanguage":"it-IT","potentialAction":[{"@type":"ReadAction","target":["https:\/\/www.assitheque.com\/imprint\/"]}]},{"@type":"BreadcrumbList","@id":"https:\/\/www.assitheque.com\/imprint\/#breadcrumb","itemListElement":[{"@type":"ListItem","position":1,"name":"Home","item":"https:\/\/www.assitheque.com\/"},{"@type":"ListItem","position":2,"name":"Impronta"}]},{"@type":"WebSite","@id":"https:\/\/www.assitheque.com\/#website","url":"https:\/\/www.assitheque.com\/","name":"Assith\u00e8que - The Insurance Boutique","description":"The Insurance Boutique","publisher":{"@id":"https:\/\/www.assitheque.com\/#organization"},"potentialAction":[{"@type":"SearchAction","target":{"@type":"EntryPoint","urlTemplate":"https:\/\/www.assitheque.com\/?s={search_term_string}"},"query-input":{"@type":"PropertyValueSpecification","valueRequired":true,"valueName":"search_term_string"}}],"inLanguage":"it-IT"},{"@type":"Organization","@id":"https:\/\/www.assitheque.com\/#organization","name":"Assith\u00e8que - The Insurance Boutique","url":"https:\/\/www.assitheque.com\/","logo":{"@type":"ImageObject","inLanguage":"it-IT","@id":"https:\/\/www.assitheque.com\/#\/schema\/logo\/image\/","url":"https:\/\/www.assitheque.com\/wp-content\/uploads\/2021\/02\/logo.png","contentUrl":"https:\/\/www.assitheque.com\/wp-content\/uploads\/2021\/02\/logo.png","width":742,"height":155,"caption":"Assith\u00e8que - The Insurance Boutique"},"image":{"@id":"https:\/\/www.assitheque.com\/#\/schema\/logo\/image\/"},"sameAs":["https:\/\/www.facebook.com\/Assitheque\/","https:\/\/x.com\/assitheque","https:\/\/www.linkedin.com\/company\/assith-que-gmbh"]}]}},"_links":{"self":[{"href":"https:\/\/www.assitheque.com\/it\/wp-json\/wp\/v2\/pages\/1937","targetHints":{"allow":["GET"]}}],"collection":[{"href":"https:\/\/www.assitheque.com\/it\/wp-json\/wp\/v2\/pages"}],"about":[{"href":"https:\/\/www.assitheque.com\/it\/wp-json\/wp\/v2\/types\/page"}],"author":[{"embeddable":true,"href":"https:\/\/www.assitheque.com\/it\/wp-json\/wp\/v2\/users\/1"}],"replies":[{"embeddable":true,"href":"https:\/\/www.assitheque.com\/it\/wp-json\/wp\/v2\/comments?post=1937"}],"version-history":[{"count":6,"href":"https:\/\/www.assitheque.com\/it\/wp-json\/wp\/v2\/pages\/1937\/revisions"}],"predecessor-version":[{"id":2371,"href":"https:\/\/www.assitheque.com\/it\/wp-json\/wp\/v2\/pages\/1937\/revisions\/2371"}],"wp:attachment":[{"href":"https:\/\/www.assitheque.com\/it\/wp-json\/wp\/v2\/media?parent=1937"}],"curies":[{"name":"wp","href":"https:\/\/api.w.org\/{rel}","templated":true}]}}