{"id":1915,"date":"2021-02-24T18:16:44","date_gmt":"2021-02-24T18:16:44","guid":{"rendered":"https:\/\/www.assitheque.com\/imprint\/"},"modified":"2021-03-31T09:11:58","modified_gmt":"2021-03-31T09:11:58","slug":"imprimer","status":"publish","type":"page","link":"https:\/\/www.assitheque.com\/fr\/imprimer\/","title":{"rendered":"Imprimer"},"content":{"rendered":"\t\t<div data-elementor-type=\"wp-page\" data-elementor-id=\"1915\" class=\"elementor elementor-1915\" data-elementor-post-type=\"page\">\n\t\t\t\t\t\t<section class=\"elementor-section elementor-top-section elementor-element elementor-element-10b60a1 elementor-section-boxed elementor-section-height-default elementor-section-height-default\" data-id=\"10b60a1\" data-element_type=\"section\" data-settings=\"{&quot;jet_parallax_layout_list&quot;:[{&quot;jet_parallax_layout_image&quot;:{&quot;url&quot;:&quot;&quot;,&quot;id&quot;:&quot;&quot;,&quot;size&quot;:&quot;&quot;},&quot;_id&quot;:&quot;3400dc4&quot;,&quot;jet_parallax_layout_image_tablet&quot;:{&quot;url&quot;:&quot;&quot;,&quot;id&quot;:&quot;&quot;,&quot;size&quot;:&quot;&quot;},&quot;jet_parallax_layout_image_mobile&quot;:{&quot;url&quot;:&quot;&quot;,&quot;id&quot;:&quot;&quot;,&quot;size&quot;:&quot;&quot;},&quot;jet_parallax_layout_speed&quot;:{&quot;unit&quot;:&quot;%&quot;,&quot;size&quot;:50,&quot;sizes&quot;:[]},&quot;jet_parallax_layout_type&quot;:&quot;scroll&quot;,&quot;jet_parallax_layout_direction&quot;:null,&quot;jet_parallax_layout_fx_direction&quot;:null,&quot;jet_parallax_layout_z_index&quot;:&quot;&quot;,&quot;jet_parallax_layout_bg_x&quot;:50,&quot;jet_parallax_layout_bg_x_tablet&quot;:&quot;&quot;,&quot;jet_parallax_layout_bg_x_mobile&quot;:&quot;&quot;,&quot;jet_parallax_layout_bg_y&quot;:50,&quot;jet_parallax_layout_bg_y_tablet&quot;:&quot;&quot;,&quot;jet_parallax_layout_bg_y_mobile&quot;:&quot;&quot;,&quot;jet_parallax_layout_bg_size&quot;:&quot;auto&quot;,&quot;jet_parallax_layout_bg_size_tablet&quot;:&quot;&quot;,&quot;jet_parallax_layout_bg_size_mobile&quot;:&quot;&quot;,&quot;jet_parallax_layout_animation_prop&quot;:&quot;transform&quot;,&quot;jet_parallax_layout_on&quot;:[&quot;desktop&quot;,&quot;tablet&quot;]}]}\">\n\t\t\t\t\t\t<div class=\"elementor-container elementor-column-gap-default\">\n\t\t\t\t\t<div class=\"elementor-column elementor-col-100 elementor-top-column elementor-element elementor-element-00e6d04\" data-id=\"00e6d04\" data-element_type=\"column\">\n\t\t\t<div class=\"elementor-widget-wrap elementor-element-populated\">\n\t\t\t\t\t\t<div class=\"elementor-element elementor-element-7455ea8 elementor-widget elementor-widget-text-editor\" data-id=\"7455ea8\" data-element_type=\"widget\" data-widget_type=\"text-editor.default\">\n\t\t\t\t<div class=\"elementor-widget-container\">\n\t\t\t\t\t\t\t\t\t<p class=\"p1\"><b> Adresse enregistr\u00e9e et coordonn\u00e9es<\/b><\/p>\n<p class=\"p2\">Assith\u00e8que GmbH<br>\nWeinbergstrasse 73<br>\n8006 Zurich<br>\nSwitzerland<\/p>\n<p class=\"p3\"><span class=\"s1\">Email\u00a0<a href=\"mailto:info@assitheque.com\"><span class=\"s2\">info@assitheque.com<\/span><\/a><br>\nWebsite\u00a0<a href=\"http:\/\/www.assitheque.com\/\"><span class=\"s2\">www.assitheque.com<\/span><\/a><\/span><\/p>\n<p class=\"p2\">Managing Director: Michel Ruggaber<\/p>\n<p class=\"p2\">Company registration number: CH-170.4.008.988-0<br>\nVAT number: CHE-114.921.214<\/p>\n<p class=\"p2\"><strong>Politique de confidentialit\u00e9<\/strong><\/p>\n<p class=\"p2\">Ce site utilise Google Analytics, un service d&rsquo;analyse de site internet fourni par Google Inc. (\u00ab\u00a0Google\u00a0\u00bb). Google Analytics utilise des \u00ab\u00a0cookies\u00a0\u00bb, qui sont des fichiers texte plac\u00e9s sur votre ordinateur, pour aider le site Web \u00e0 analyser l&rsquo;utilisation du site par les utilisateurs. Les informations g\u00e9n\u00e9r\u00e9es par les cookies concernant votre utilisation du site (y compris votre adresse IP) seront transmises et stock\u00e9es par Google sur des serveurs situ\u00e9s aux \u00c9tats-Unis. Google utilisera ces informations dans le but d&rsquo;\u00e9valuer votre utilisation sur ce site Web, de compiler des rapports sur l&rsquo;activit\u00e9 du site pour les op\u00e9rateurs de site Web et de fournir d&rsquo;autres services relatifs \u00e0 l&rsquo;activit\u00e9 du site et \u00e0 l&rsquo;utilisation d&rsquo;Internet. Google peut \u00e9galement transf\u00e9rer ces informations \u00e0 des tiers lorsque la loi l&rsquo;exige, ou lorsque ces tiers traitent ces informations pour le compte de Google. Google n&rsquo;associera pas votre adresse IP \u00e0 d&rsquo;autres donn\u00e9es d\u00e9tenues par eux. Vous pouvez refuser l&rsquo;utilisation de cookies en s\u00e9lectionnant les param\u00e8tres appropri\u00e9s sur votre navigateur, mais s&rsquo;il vous pla\u00eet notez que si vous faites cela, vous ne pourrez peut-\u00eatre pas utiliser toutes les fonctionnalit\u00e9s de ce site. En utilisant ce site, vous consentez au traitement des donn\u00e9es vous concernant par Google de la mani\u00e8re et aux fins d\u00e9crites ci-dessus.<\/p>\t\t\t\t\t\t\t\t<\/div>\n\t\t\t\t<\/div>\n\t\t\t\t\t<\/div>\n\t\t<\/div>\n\t\t\t\t\t<\/div>\n\t\t<\/section>\n\t\t\t\t<\/div>\n\t\t","protected":false},"excerpt":{"rendered":"<p>Adresse enregistr\u00e9e et coordonn\u00e9es Assith\u00e8que GmbH Weinbergstrasse 73 8006 Zurich Switzerland Email&nbsp;info@assitheque.com Website&nbsp;www.assitheque.com Managing Director: Michel Ruggaber Company registration number: CH-170.4.008.988-0 VAT number: CHE-114.921.214 Politique de confidentialit\u00e9 Ce site utilise Google Analytics, un service d&rsquo;analyse de site internet fourni par Google Inc. (\u00ab\u00a0Google\u00a0\u00bb). Google Analytics utilise des \u00ab\u00a0cookies\u00a0\u00bb, qui sont des fichiers texte plac\u00e9s sur [&hellip;]<\/p>\n","protected":false},"author":1,"featured_media":0,"parent":0,"menu_order":0,"comment_status":"closed","ping_status":"closed","template":"","meta":{"_acf_changed":false,"footnotes":""},"class_list":["post-1915","page","type-page","status-publish","hentry"],"acf":[],"yoast_head":"<!-- This site is optimized with the Yoast SEO plugin v24.1 - https:\/\/yoast.com\/wordpress\/plugins\/seo\/ -->\n<title>Imprimer - Assitheque<\/title>\n<meta name=\"robots\" content=\"index, follow, max-snippet:-1, max-image-preview:large, max-video-preview:-1\" \/>\n<link rel=\"canonical\" href=\"https:\/\/www.assitheque.com\/imprint\/\" \/>\n<meta property=\"og:locale\" content=\"fr_FR\" \/>\n<meta property=\"og:type\" content=\"article\" \/>\n<meta property=\"og:title\" content=\"Imprimer - Assitheque\" \/>\n<meta property=\"og:description\" content=\"Adresse enregistr\u00e9e et coordonn\u00e9es Assith\u00e8que GmbH Weinbergstrasse 73 8006 Zurich Switzerland Email&nbsp;info@assitheque.com Website&nbsp;www.assitheque.com Managing Director: Michel Ruggaber Company registration number: CH-170.4.008.988-0 VAT number: CHE-114.921.214 Politique de confidentialit\u00e9 Ce site utilise Google Analytics, un service d&rsquo;analyse de site internet fourni par Google Inc. (\u00ab\u00a0Google\u00a0\u00bb). Google Analytics utilise des \u00ab\u00a0cookies\u00a0\u00bb, qui sont des fichiers texte plac\u00e9s sur [&hellip;]\" \/>\n<meta property=\"og:url\" content=\"https:\/\/www.assitheque.com\/imprint\/\" \/>\n<meta property=\"og:site_name\" content=\"Assitheque\" \/>\n<meta property=\"article:publisher\" content=\"https:\/\/www.facebook.com\/Assitheque\/\" \/>\n<meta property=\"article:modified_time\" content=\"2021-03-31T09:11:58+00:00\" \/>\n<meta name=\"twitter:card\" content=\"summary_large_image\" \/>\n<meta name=\"twitter:site\" content=\"@assitheque\" \/>\n<meta name=\"twitter:label1\" content=\"Dur\u00e9e de lecture estim\u00e9e\" \/>\n\t<meta name=\"twitter:data1\" content=\"2 minutes\" \/>\n<script type=\"application\/ld+json\" class=\"yoast-schema-graph\">{\"@context\":\"https:\/\/schema.org\",\"@graph\":[{\"@type\":\"WebPage\",\"@id\":\"https:\/\/www.assitheque.com\/imprint\/\",\"url\":\"https:\/\/www.assitheque.com\/imprint\/\",\"name\":\"Imprimer - Assitheque\",\"isPartOf\":{\"@id\":\"https:\/\/www.assitheque.com\/#website\"},\"datePublished\":\"2021-02-24T18:16:44+00:00\",\"dateModified\":\"2021-03-31T09:11:58+00:00\",\"breadcrumb\":{\"@id\":\"https:\/\/www.assitheque.com\/imprint\/#breadcrumb\"},\"inLanguage\":\"fr-FR\",\"potentialAction\":[{\"@type\":\"ReadAction\",\"target\":[\"https:\/\/www.assitheque.com\/imprint\/\"]}]},{\"@type\":\"BreadcrumbList\",\"@id\":\"https:\/\/www.assitheque.com\/imprint\/#breadcrumb\",\"itemListElement\":[{\"@type\":\"ListItem\",\"position\":1,\"name\":\"Home\",\"item\":\"https:\/\/www.assitheque.com\/\"},{\"@type\":\"ListItem\",\"position\":2,\"name\":\"Imprimer\"}]},{\"@type\":\"WebSite\",\"@id\":\"https:\/\/www.assitheque.com\/#website\",\"url\":\"https:\/\/www.assitheque.com\/\",\"name\":\"Assith\u00e8que - The Insurance Boutique\",\"description\":\"The Insurance Boutique\",\"publisher\":{\"@id\":\"https:\/\/www.assitheque.com\/#organization\"},\"potentialAction\":[{\"@type\":\"SearchAction\",\"target\":{\"@type\":\"EntryPoint\",\"urlTemplate\":\"https:\/\/www.assitheque.com\/?s={search_term_string}\"},\"query-input\":{\"@type\":\"PropertyValueSpecification\",\"valueRequired\":true,\"valueName\":\"search_term_string\"}}],\"inLanguage\":\"fr-FR\"},{\"@type\":\"Organization\",\"@id\":\"https:\/\/www.assitheque.com\/#organization\",\"name\":\"Assith\u00e8que - The Insurance Boutique\",\"url\":\"https:\/\/www.assitheque.com\/\",\"logo\":{\"@type\":\"ImageObject\",\"inLanguage\":\"fr-FR\",\"@id\":\"https:\/\/www.assitheque.com\/#\/schema\/logo\/image\/\",\"url\":\"https:\/\/www.assitheque.com\/wp-content\/uploads\/2021\/02\/logo.png\",\"contentUrl\":\"https:\/\/www.assitheque.com\/wp-content\/uploads\/2021\/02\/logo.png\",\"width\":742,\"height\":155,\"caption\":\"Assith\u00e8que - The Insurance Boutique\"},\"image\":{\"@id\":\"https:\/\/www.assitheque.com\/#\/schema\/logo\/image\/\"},\"sameAs\":[\"https:\/\/www.facebook.com\/Assitheque\/\",\"https:\/\/x.com\/assitheque\",\"https:\/\/www.linkedin.com\/company\/assith-que-gmbh\"]}]}<\/script>\n<!-- \/ Yoast SEO plugin. -->","yoast_head_json":{"title":"Imprimer - Assitheque","robots":{"index":"index","follow":"follow","max-snippet":"max-snippet:-1","max-image-preview":"max-image-preview:large","max-video-preview":"max-video-preview:-1"},"canonical":"https:\/\/www.assitheque.com\/imprint\/","og_locale":"fr_FR","og_type":"article","og_title":"Imprimer - Assitheque","og_description":"Adresse enregistr\u00e9e et coordonn\u00e9es Assith\u00e8que GmbH Weinbergstrasse 73 8006 Zurich Switzerland Email&nbsp;info@assitheque.com Website&nbsp;www.assitheque.com Managing Director: Michel Ruggaber Company registration number: CH-170.4.008.988-0 VAT number: CHE-114.921.214 Politique de confidentialit\u00e9 Ce site utilise Google Analytics, un service d&rsquo;analyse de site internet fourni par Google Inc. (\u00ab\u00a0Google\u00a0\u00bb). Google Analytics utilise des \u00ab\u00a0cookies\u00a0\u00bb, qui sont des fichiers texte plac\u00e9s sur [&hellip;]","og_url":"https:\/\/www.assitheque.com\/imprint\/","og_site_name":"Assitheque","article_publisher":"https:\/\/www.facebook.com\/Assitheque\/","article_modified_time":"2021-03-31T09:11:58+00:00","twitter_card":"summary_large_image","twitter_site":"@assitheque","twitter_misc":{"Dur\u00e9e de lecture estim\u00e9e":"2 minutes"},"schema":{"@context":"https:\/\/schema.org","@graph":[{"@type":"WebPage","@id":"https:\/\/www.assitheque.com\/imprint\/","url":"https:\/\/www.assitheque.com\/imprint\/","name":"Imprimer - Assitheque","isPartOf":{"@id":"https:\/\/www.assitheque.com\/#website"},"datePublished":"2021-02-24T18:16:44+00:00","dateModified":"2021-03-31T09:11:58+00:00","breadcrumb":{"@id":"https:\/\/www.assitheque.com\/imprint\/#breadcrumb"},"inLanguage":"fr-FR","potentialAction":[{"@type":"ReadAction","target":["https:\/\/www.assitheque.com\/imprint\/"]}]},{"@type":"BreadcrumbList","@id":"https:\/\/www.assitheque.com\/imprint\/#breadcrumb","itemListElement":[{"@type":"ListItem","position":1,"name":"Home","item":"https:\/\/www.assitheque.com\/"},{"@type":"ListItem","position":2,"name":"Imprimer"}]},{"@type":"WebSite","@id":"https:\/\/www.assitheque.com\/#website","url":"https:\/\/www.assitheque.com\/","name":"Assith\u00e8que - The Insurance Boutique","description":"The Insurance Boutique","publisher":{"@id":"https:\/\/www.assitheque.com\/#organization"},"potentialAction":[{"@type":"SearchAction","target":{"@type":"EntryPoint","urlTemplate":"https:\/\/www.assitheque.com\/?s={search_term_string}"},"query-input":{"@type":"PropertyValueSpecification","valueRequired":true,"valueName":"search_term_string"}}],"inLanguage":"fr-FR"},{"@type":"Organization","@id":"https:\/\/www.assitheque.com\/#organization","name":"Assith\u00e8que - The Insurance Boutique","url":"https:\/\/www.assitheque.com\/","logo":{"@type":"ImageObject","inLanguage":"fr-FR","@id":"https:\/\/www.assitheque.com\/#\/schema\/logo\/image\/","url":"https:\/\/www.assitheque.com\/wp-content\/uploads\/2021\/02\/logo.png","contentUrl":"https:\/\/www.assitheque.com\/wp-content\/uploads\/2021\/02\/logo.png","width":742,"height":155,"caption":"Assith\u00e8que - The Insurance Boutique"},"image":{"@id":"https:\/\/www.assitheque.com\/#\/schema\/logo\/image\/"},"sameAs":["https:\/\/www.facebook.com\/Assitheque\/","https:\/\/x.com\/assitheque","https:\/\/www.linkedin.com\/company\/assith-que-gmbh"]}]}},"_links":{"self":[{"href":"https:\/\/www.assitheque.com\/fr\/wp-json\/wp\/v2\/pages\/1915","targetHints":{"allow":["GET"]}}],"collection":[{"href":"https:\/\/www.assitheque.com\/fr\/wp-json\/wp\/v2\/pages"}],"about":[{"href":"https:\/\/www.assitheque.com\/fr\/wp-json\/wp\/v2\/types\/page"}],"author":[{"embeddable":true,"href":"https:\/\/www.assitheque.com\/fr\/wp-json\/wp\/v2\/users\/1"}],"replies":[{"embeddable":true,"href":"https:\/\/www.assitheque.com\/fr\/wp-json\/wp\/v2\/comments?post=1915"}],"version-history":[{"count":9,"href":"https:\/\/www.assitheque.com\/fr\/wp-json\/wp\/v2\/pages\/1915\/revisions"}],"predecessor-version":[{"id":2369,"href":"https:\/\/www.assitheque.com\/fr\/wp-json\/wp\/v2\/pages\/1915\/revisions\/2369"}],"wp:attachment":[{"href":"https:\/\/www.assitheque.com\/fr\/wp-json\/wp\/v2\/media?parent=1915"}],"curies":[{"name":"wp","href":"https:\/\/api.w.org\/{rel}","templated":true}]}}