{"id":1925,"date":"2021-02-24T18:16:44","date_gmt":"2021-02-24T18:16:44","guid":{"rendered":"https:\/\/www.assitheque.com\/imprint\/"},"modified":"2021-03-31T09:11:59","modified_gmt":"2021-03-31T09:11:59","slug":"impressum","status":"publish","type":"page","link":"https:\/\/www.assitheque.com\/de\/impressum\/","title":{"rendered":"Impressum"},"content":{"rendered":"\t\t<div data-elementor-type=\"wp-page\" data-elementor-id=\"1925\" class=\"elementor elementor-1925\" data-elementor-post-type=\"page\">\n\t\t\t\t\t\t<section class=\"elementor-section elementor-top-section elementor-element elementor-element-10b60a1 elementor-section-boxed elementor-section-height-default elementor-section-height-default\" data-id=\"10b60a1\" data-element_type=\"section\" data-settings=\"{&quot;jet_parallax_layout_list&quot;:[{&quot;jet_parallax_layout_image&quot;:{&quot;url&quot;:&quot;&quot;,&quot;id&quot;:&quot;&quot;,&quot;size&quot;:&quot;&quot;},&quot;_id&quot;:&quot;3400dc4&quot;,&quot;jet_parallax_layout_image_tablet&quot;:{&quot;url&quot;:&quot;&quot;,&quot;id&quot;:&quot;&quot;,&quot;size&quot;:&quot;&quot;},&quot;jet_parallax_layout_image_mobile&quot;:{&quot;url&quot;:&quot;&quot;,&quot;id&quot;:&quot;&quot;,&quot;size&quot;:&quot;&quot;},&quot;jet_parallax_layout_speed&quot;:{&quot;unit&quot;:&quot;%&quot;,&quot;size&quot;:50,&quot;sizes&quot;:[]},&quot;jet_parallax_layout_type&quot;:&quot;scroll&quot;,&quot;jet_parallax_layout_direction&quot;:null,&quot;jet_parallax_layout_fx_direction&quot;:null,&quot;jet_parallax_layout_z_index&quot;:&quot;&quot;,&quot;jet_parallax_layout_bg_x&quot;:50,&quot;jet_parallax_layout_bg_x_tablet&quot;:&quot;&quot;,&quot;jet_parallax_layout_bg_x_mobile&quot;:&quot;&quot;,&quot;jet_parallax_layout_bg_y&quot;:50,&quot;jet_parallax_layout_bg_y_tablet&quot;:&quot;&quot;,&quot;jet_parallax_layout_bg_y_mobile&quot;:&quot;&quot;,&quot;jet_parallax_layout_bg_size&quot;:&quot;auto&quot;,&quot;jet_parallax_layout_bg_size_tablet&quot;:&quot;&quot;,&quot;jet_parallax_layout_bg_size_mobile&quot;:&quot;&quot;,&quot;jet_parallax_layout_animation_prop&quot;:&quot;transform&quot;,&quot;jet_parallax_layout_on&quot;:[&quot;desktop&quot;,&quot;tablet&quot;]}]}\">\n\t\t\t\t\t\t<div class=\"elementor-container elementor-column-gap-default\">\n\t\t\t\t\t<div class=\"elementor-column elementor-col-100 elementor-top-column elementor-element elementor-element-00e6d04\" data-id=\"00e6d04\" data-element_type=\"column\">\n\t\t\t<div class=\"elementor-widget-wrap elementor-element-populated\">\n\t\t\t\t\t\t<div class=\"elementor-element elementor-element-7455ea8 elementor-widget elementor-widget-text-editor\" data-id=\"7455ea8\" data-element_type=\"widget\" data-widget_type=\"text-editor.default\">\n\t\t\t\t<div class=\"elementor-widget-container\">\n\t\t\t\t\t\t\t\t\t<p class=\"p1\">Registrierte<b> Adresse und Kontaktdaten<\/b><\/p>\n<p class=\"p2\">Assith\u00e8que GmbH\nWeinbergstrasse 73\n8006 Zurich\nSwitzerland<\/p>\n<p class=\"p3\"><span class=\"s1\">Email\u00a0<a href=\"mailto:info@assitheque.com\"><span class=\"s2\">info@assitheque.com<\/span><\/a>\nWebsite\u00a0<a href=\"http:\/\/www.assitheque.com\/\"><span class=\"s2\">www.assitheque.com<\/span><\/a><\/span><\/p>\n<p class=\"p2\">Managing Director: Michel Ruggaber<\/p>\n<p class=\"p2\">Company registration number: CH-170.4.008.988-0\nVAT number: CHE-114.921.214<\/p>\n<p class=\"p2\"><strong>Datenschutz-Bestimmungen<\/strong><\/p>\n<p class=\"p2\">Diese Website benutzt Google Analytics, einen Webanalysedienst der Google Inc. (&#8222;Google&#8220;). Google Analytics verwendet sog. &#8222;Cookies&#8220;, Textdateien, die auf Ihrem Computer gespeichert werden und die eine Analyse der Benutzung der Website durch Sie erm\u00f6glicht. Die durch den Cookie erzeugten Informationen \u00fcber Ihre Benutzung diese Website (einschlie\u00dflich Ihrer IP-Adresse) wird an einen Server von Google in den USA \u00fcbertragen und dort gespeichert. Google wird diese Informationen benutzen, um Ihre Nutzung der Website auszuwerten, um Reports \u00fcber die Websiteaktivit\u00e4ten f\u00fcr die Websitebetreiber zusammenzustellen und um weitere mit der Websitenutzung und der Internetnutzung verbundene Dienstleistungen zu erbringen. Auch wird Google diese Informationen gegebenenfalls an Dritte \u00fcbertragen, sofern dies gesetzlich vorgeschrieben oder soweit Dritte diese Daten im Auftrag von Google verarbeiten. Google wird in keinem Fall Ihre IP-Adresse mit anderen Daten der Google in Verbindung bringen. Sie k\u00f6nnen die Installation der Cookies durch eine entsprechende Einstellung Ihrer Browser Software verhindern; wir weisen Sie jedoch darauf hin, dass Sie in diesem Fall gegebenenfalls nicht s\u00e4mtliche Funktionen dieser Website voll umf\u00e4nglich nutzen k\u00f6nnen. Durch die Nutzung dieser Website erkl\u00e4ren Sie sich mit der Bearbeitung der \u00fcber Sie erhobenen Daten durch Google in der zuvor beschriebenen Art und Weise und zu dem zuvor benannten Zweck einverstanden.<\/p>\t\t\t\t\t\t\t\t<\/div>\n\t\t\t\t<\/div>\n\t\t\t\t\t<\/div>\n\t\t<\/div>\n\t\t\t\t\t<\/div>\n\t\t<\/section>\n\t\t\t\t<\/div>\n\t\t","protected":false},"excerpt":{"rendered":"<p>Registrierte Adresse und Kontaktdaten Assith\u00e8que GmbH Weinbergstrasse 73 8006 Zurich Switzerland Email&nbsp;info@assitheque.com Website&nbsp;www.assitheque.com Managing Director: Michel Ruggaber Company registration number: CH-170.4.008.988-0 VAT number: CHE-114.921.214 Datenschutz-Bestimmungen Diese Website benutzt Google Analytics, einen Webanalysedienst der Google Inc. (&#8222;Google&#8220;). Google Analytics verwendet sog. &#8222;Cookies&#8220;, Textdateien, die auf Ihrem Computer gespeichert werden und die eine Analyse der Benutzung der [&hellip;]<\/p>\n","protected":false},"author":1,"featured_media":0,"parent":0,"menu_order":0,"comment_status":"closed","ping_status":"closed","template":"","meta":{"_acf_changed":false,"footnotes":""},"class_list":["post-1925","page","type-page","status-publish","hentry"],"acf":[],"yoast_head":"<!-- This site is optimized with the Yoast SEO plugin v24.1 - https:\/\/yoast.com\/wordpress\/plugins\/seo\/ -->\n<title>Impressum - Assitheque<\/title>\n<meta name=\"robots\" content=\"index, follow, max-snippet:-1, max-image-preview:large, max-video-preview:-1\" \/>\n<link rel=\"canonical\" href=\"https:\/\/www.assitheque.com\/imprint\/\" \/>\n<meta property=\"og:locale\" content=\"de_DE\" \/>\n<meta property=\"og:type\" content=\"article\" \/>\n<meta property=\"og:title\" content=\"Impressum - Assitheque\" \/>\n<meta property=\"og:description\" content=\"Registrierte Adresse und Kontaktdaten Assith\u00e8que GmbH Weinbergstrasse 73 8006 Zurich Switzerland Email&nbsp;info@assitheque.com Website&nbsp;www.assitheque.com Managing Director: Michel Ruggaber Company registration number: CH-170.4.008.988-0 VAT number: CHE-114.921.214 Datenschutz-Bestimmungen Diese Website benutzt Google Analytics, einen Webanalysedienst der Google Inc. (&#8222;Google&#8220;). Google Analytics verwendet sog. &#8222;Cookies&#8220;, Textdateien, die auf Ihrem Computer gespeichert werden und die eine Analyse der Benutzung der [&hellip;]\" \/>\n<meta property=\"og:url\" content=\"https:\/\/www.assitheque.com\/imprint\/\" \/>\n<meta property=\"og:site_name\" content=\"Assitheque\" \/>\n<meta property=\"article:publisher\" content=\"https:\/\/www.facebook.com\/Assitheque\/\" \/>\n<meta property=\"article:modified_time\" content=\"2021-03-31T09:11:59+00:00\" \/>\n<meta name=\"twitter:card\" content=\"summary_large_image\" \/>\n<meta name=\"twitter:site\" content=\"@assitheque\" \/>\n<meta name=\"twitter:label1\" content=\"Gesch\u00e4tzte Lesezeit\" \/>\n\t<meta name=\"twitter:data1\" content=\"1\u00a0Minute\" \/>\n<script type=\"application\/ld+json\" class=\"yoast-schema-graph\">{\"@context\":\"https:\/\/schema.org\",\"@graph\":[{\"@type\":\"WebPage\",\"@id\":\"https:\/\/www.assitheque.com\/imprint\/\",\"url\":\"https:\/\/www.assitheque.com\/imprint\/\",\"name\":\"Impressum - Assitheque\",\"isPartOf\":{\"@id\":\"https:\/\/www.assitheque.com\/#website\"},\"datePublished\":\"2021-02-24T18:16:44+00:00\",\"dateModified\":\"2021-03-31T09:11:59+00:00\",\"breadcrumb\":{\"@id\":\"https:\/\/www.assitheque.com\/imprint\/#breadcrumb\"},\"inLanguage\":\"de\",\"potentialAction\":[{\"@type\":\"ReadAction\",\"target\":[\"https:\/\/www.assitheque.com\/imprint\/\"]}]},{\"@type\":\"BreadcrumbList\",\"@id\":\"https:\/\/www.assitheque.com\/imprint\/#breadcrumb\",\"itemListElement\":[{\"@type\":\"ListItem\",\"position\":1,\"name\":\"Home\",\"item\":\"https:\/\/www.assitheque.com\/\"},{\"@type\":\"ListItem\",\"position\":2,\"name\":\"Impressum\"}]},{\"@type\":\"WebSite\",\"@id\":\"https:\/\/www.assitheque.com\/#website\",\"url\":\"https:\/\/www.assitheque.com\/\",\"name\":\"Assith\u00e8que - The Insurance Boutique\",\"description\":\"The Insurance Boutique\",\"publisher\":{\"@id\":\"https:\/\/www.assitheque.com\/#organization\"},\"potentialAction\":[{\"@type\":\"SearchAction\",\"target\":{\"@type\":\"EntryPoint\",\"urlTemplate\":\"https:\/\/www.assitheque.com\/?s={search_term_string}\"},\"query-input\":{\"@type\":\"PropertyValueSpecification\",\"valueRequired\":true,\"valueName\":\"search_term_string\"}}],\"inLanguage\":\"de\"},{\"@type\":\"Organization\",\"@id\":\"https:\/\/www.assitheque.com\/#organization\",\"name\":\"Assith\u00e8que - The Insurance Boutique\",\"url\":\"https:\/\/www.assitheque.com\/\",\"logo\":{\"@type\":\"ImageObject\",\"inLanguage\":\"de\",\"@id\":\"https:\/\/www.assitheque.com\/#\/schema\/logo\/image\/\",\"url\":\"https:\/\/www.assitheque.com\/wp-content\/uploads\/2021\/02\/logo.png\",\"contentUrl\":\"https:\/\/www.assitheque.com\/wp-content\/uploads\/2021\/02\/logo.png\",\"width\":742,\"height\":155,\"caption\":\"Assith\u00e8que - The Insurance Boutique\"},\"image\":{\"@id\":\"https:\/\/www.assitheque.com\/#\/schema\/logo\/image\/\"},\"sameAs\":[\"https:\/\/www.facebook.com\/Assitheque\/\",\"https:\/\/x.com\/assitheque\",\"https:\/\/www.linkedin.com\/company\/assith-que-gmbh\"]}]}<\/script>\n<!-- \/ Yoast SEO plugin. -->","yoast_head_json":{"title":"Impressum - Assitheque","robots":{"index":"index","follow":"follow","max-snippet":"max-snippet:-1","max-image-preview":"max-image-preview:large","max-video-preview":"max-video-preview:-1"},"canonical":"https:\/\/www.assitheque.com\/imprint\/","og_locale":"de_DE","og_type":"article","og_title":"Impressum - Assitheque","og_description":"Registrierte Adresse und Kontaktdaten Assith\u00e8que GmbH Weinbergstrasse 73 8006 Zurich Switzerland Email&nbsp;info@assitheque.com Website&nbsp;www.assitheque.com Managing Director: Michel Ruggaber Company registration number: CH-170.4.008.988-0 VAT number: CHE-114.921.214 Datenschutz-Bestimmungen Diese Website benutzt Google Analytics, einen Webanalysedienst der Google Inc. (&#8222;Google&#8220;). Google Analytics verwendet sog. &#8222;Cookies&#8220;, Textdateien, die auf Ihrem Computer gespeichert werden und die eine Analyse der Benutzung der [&hellip;]","og_url":"https:\/\/www.assitheque.com\/imprint\/","og_site_name":"Assitheque","article_publisher":"https:\/\/www.facebook.com\/Assitheque\/","article_modified_time":"2021-03-31T09:11:59+00:00","twitter_card":"summary_large_image","twitter_site":"@assitheque","twitter_misc":{"Gesch\u00e4tzte Lesezeit":"1\u00a0Minute"},"schema":{"@context":"https:\/\/schema.org","@graph":[{"@type":"WebPage","@id":"https:\/\/www.assitheque.com\/imprint\/","url":"https:\/\/www.assitheque.com\/imprint\/","name":"Impressum - Assitheque","isPartOf":{"@id":"https:\/\/www.assitheque.com\/#website"},"datePublished":"2021-02-24T18:16:44+00:00","dateModified":"2021-03-31T09:11:59+00:00","breadcrumb":{"@id":"https:\/\/www.assitheque.com\/imprint\/#breadcrumb"},"inLanguage":"de","potentialAction":[{"@type":"ReadAction","target":["https:\/\/www.assitheque.com\/imprint\/"]}]},{"@type":"BreadcrumbList","@id":"https:\/\/www.assitheque.com\/imprint\/#breadcrumb","itemListElement":[{"@type":"ListItem","position":1,"name":"Home","item":"https:\/\/www.assitheque.com\/"},{"@type":"ListItem","position":2,"name":"Impressum"}]},{"@type":"WebSite","@id":"https:\/\/www.assitheque.com\/#website","url":"https:\/\/www.assitheque.com\/","name":"Assith\u00e8que - The Insurance Boutique","description":"The Insurance Boutique","publisher":{"@id":"https:\/\/www.assitheque.com\/#organization"},"potentialAction":[{"@type":"SearchAction","target":{"@type":"EntryPoint","urlTemplate":"https:\/\/www.assitheque.com\/?s={search_term_string}"},"query-input":{"@type":"PropertyValueSpecification","valueRequired":true,"valueName":"search_term_string"}}],"inLanguage":"de"},{"@type":"Organization","@id":"https:\/\/www.assitheque.com\/#organization","name":"Assith\u00e8que - The Insurance Boutique","url":"https:\/\/www.assitheque.com\/","logo":{"@type":"ImageObject","inLanguage":"de","@id":"https:\/\/www.assitheque.com\/#\/schema\/logo\/image\/","url":"https:\/\/www.assitheque.com\/wp-content\/uploads\/2021\/02\/logo.png","contentUrl":"https:\/\/www.assitheque.com\/wp-content\/uploads\/2021\/02\/logo.png","width":742,"height":155,"caption":"Assith\u00e8que - The Insurance Boutique"},"image":{"@id":"https:\/\/www.assitheque.com\/#\/schema\/logo\/image\/"},"sameAs":["https:\/\/www.facebook.com\/Assitheque\/","https:\/\/x.com\/assitheque","https:\/\/www.linkedin.com\/company\/assith-que-gmbh"]}]}},"_links":{"self":[{"href":"https:\/\/www.assitheque.com\/de\/wp-json\/wp\/v2\/pages\/1925","targetHints":{"allow":["GET"]}}],"collection":[{"href":"https:\/\/www.assitheque.com\/de\/wp-json\/wp\/v2\/pages"}],"about":[{"href":"https:\/\/www.assitheque.com\/de\/wp-json\/wp\/v2\/types\/page"}],"author":[{"embeddable":true,"href":"https:\/\/www.assitheque.com\/de\/wp-json\/wp\/v2\/users\/1"}],"replies":[{"embeddable":true,"href":"https:\/\/www.assitheque.com\/de\/wp-json\/wp\/v2\/comments?post=1925"}],"version-history":[{"count":12,"href":"https:\/\/www.assitheque.com\/de\/wp-json\/wp\/v2\/pages\/1925\/revisions"}],"predecessor-version":[{"id":2370,"href":"https:\/\/www.assitheque.com\/de\/wp-json\/wp\/v2\/pages\/1925\/revisions\/2370"}],"wp:attachment":[{"href":"https:\/\/www.assitheque.com\/de\/wp-json\/wp\/v2\/media?parent=1925"}],"curies":[{"name":"wp","href":"https:\/\/api.w.org\/{rel}","templated":true}]}}